{"id":100,"date":"2011-11-02T17:08:58","date_gmt":"2011-11-02T16:08:58","guid":{"rendered":"http:\/\/www.amicofragile.com\/?page_id=100"},"modified":"2023-01-13T10:09:02","modified_gmt":"2023-01-13T09:09:02","slug":"emanuele-ceccarelli-tastiere","status":"publish","type":"page","link":"https:\/\/www.amicofragile.com\/?page_id=100","title":{"rendered":"Emanuele Ceccarelli &#8211; Tastiere, Synth, Fisarmonica"},"content":{"rendered":"\n<figure class=\"wp-block-image size-large is-style-rounded\"><img decoding=\"async\" loading=\"lazy\" width=\"960\" height=\"440\" src=\"https:\/\/www.amicofragile.com\/wp-content\/uploads\/2011\/10\/slide4.jpg\" alt=\"\" class=\"wp-image-55\" srcset=\"https:\/\/www.amicofragile.com\/wp-content\/uploads\/2011\/10\/slide4.jpg 960w, https:\/\/www.amicofragile.com\/wp-content\/uploads\/2011\/10\/slide4-300x138.jpg 300w, https:\/\/www.amicofragile.com\/wp-content\/uploads\/2011\/10\/slide4-768x352.jpg 768w\" sizes=\"(max-width: 960px) 100vw, 960px\" \/><\/figure>\n\n\n<h3><span style=\"color: #ffffff;\"><strong>[Tastiere, Synth, Fisarmonica, Cori]<\/strong><\/span><\/h3>\n<p>Nasce a Terni il 25\/02\/1982 e a 7 anni inizia lo studio della musica come attivit\u00e0 extrascolastica.<\/p>\n<p>Inizia cos\u00ec a studiare pianoforte sotto l&#8217;egida del Maestro Romano Quartucci. Nel 1995 nasce l&#8217;amore per le tastiere e la programmazione midi, a cui si dedica da autodidatta parallelamente allo studio del piano.<\/p>\n<p>Nel 1999 consegue da privatista la licenza di teoria e solfeggio presso il Conservatorio F. Morlacchi di Perugia.<\/p>\n<p>Negli anni si susseguono varie esperienze di palco, dai complessini di musica da ballo alle&nbsp;cover band.<\/p>\n<p>Suona tastiere e synth con la band pop\/rock Allucinazione e con il gruppo Quartetto Anomalo, entrambi impegnati nella stesura e nella promozione di propri brani inediti.<\/p>\n<blockquote>\n<p>Elemento caratterizzante. La <strong>poliedricit\u00e0 <\/strong>di Emanuele guida da sempre il lavoro tecnico-musicale all\u2019interno della formazione \u201c<strong>Amico Fragile<\/strong>\u201d, di cui \u00e8: <strong>tastierista, fisarmonicista, voce e trascrittore dei brani<\/strong>. Tra le sue peculiarit\u00e0 musicali spicca certamente la sua capacit\u00e0 di calare il proprio <strong>studio delle sonorit\u00e0 nello spirito degli anni in cui i brani musicali sono nati<\/strong>, in particolare ispirandosi ai suoni della Premiata Forneria Marconi nel noto album dal vivo con Fabrizio De Andr\u00e8.<\/p>\n<\/blockquote>","protected":false},"excerpt":{"rendered":"<p>[Tastiere, Synth, Fisarmonica, Cori] Nasce a Terni il 25\/02\/1982 e a 7 anni inizia lo studio della musica come attivit\u00e0 [&hellip;]<\/p>\n","protected":false},"author":1,"featured_media":0,"parent":13,"menu_order":4,"comment_status":"closed","ping_status":"closed","template":"","meta":{"ngg_post_thumbnail":0,"footnotes":""},"_links":{"self":[{"href":"https:\/\/www.amicofragile.com\/index.php?rest_route=\/wp\/v2\/pages\/100"}],"collection":[{"href":"https:\/\/www.amicofragile.com\/index.php?rest_route=\/wp\/v2\/pages"}],"about":[{"href":"https:\/\/www.amicofragile.com\/index.php?rest_route=\/wp\/v2\/types\/page"}],"author":[{"embeddable":true,"href":"https:\/\/www.amicofragile.com\/index.php?rest_route=\/wp\/v2\/users\/1"}],"replies":[{"embeddable":true,"href":"https:\/\/www.amicofragile.com\/index.php?rest_route=%2Fwp%2Fv2%2Fcomments&post=100"}],"version-history":[{"count":14,"href":"https:\/\/www.amicofragile.com\/index.php?rest_route=\/wp\/v2\/pages\/100\/revisions"}],"predecessor-version":[{"id":3726,"href":"https:\/\/www.amicofragile.com\/index.php?rest_route=\/wp\/v2\/pages\/100\/revisions\/3726"}],"up":[{"embeddable":true,"href":"https:\/\/www.amicofragile.com\/index.php?rest_route=\/wp\/v2\/pages\/13"}],"wp:attachment":[{"href":"https:\/\/www.amicofragile.com\/index.php?rest_route=%2Fwp%2Fv2%2Fmedia&parent=100"}],"curies":[{"name":"wp","href":"https:\/\/api.w.org\/{rel}","templated":true}]}}